{"id":1034,"date":"2019-03-25T17:23:24","date_gmt":"2019-03-25T17:23:24","guid":{"rendered":"https:\/\/zeronoie.net\/?page_id=1034"},"modified":"2019-03-25T17:27:41","modified_gmt":"2019-03-25T17:27:41","slug":"privacy-policy-2","status":"publish","type":"page","link":"https:\/\/zeronoie.net\/index.php\/privacy-policy-2\/","title":{"rendered":"Privacy Policy"},"content":{"rendered":"\n<p>Informativa al trattamento dei dati personali resa ai sensi degli art. 13-14 del Reg. (UE) 2016\/679 GDPR (General Data Protection Regulation).<\/p>\n\n\n\n<h4 class=\"wp-block-heading\">1. Introduzione<\/h4>\n\n\n\n<p>In ZERONOIE, siamo consapevoli dell\u2019importanza della protezione dei dati personali e del rispetto della privacy dei nostri utenti. Pertanto gestiamo tutte le informazioni a noi fornite con estrema cura e garantiamo sicurezza e riservatezza durante l\u2019elaborazione delle informazioni personali dei nostri utenti.<br>La presente Informativa, descrive le modalit\u00e0 di gestione dei dati personali che acquisiamo \u2013 in modo autonomo o tramite terze parti \u2013 tramite il&nbsp; nostro sito&nbsp; ed \u00e8 valida per chiunque ed a qualsiasi titolo lo visiti.<\/p>\n\n\n\n<p>Non si applica alle informazioni raccolte tramite canali diversi dal presente sito web.<\/p>\n\n\n\n<p>Lo scopo di questa informativa privacy \u00e8 di fornire la massima trasparenza relativamente alle informazioni che il sito raccoglie e su come le usa.<\/p>\n\n\n\n<h4 class=\"wp-block-heading\">2. Informazioni di carattere generale<\/h4>\n\n\n\n<p>Si informano gli utenti (di seguito \u201cinteressati\u201d, cos\u00ec come definiti nel GDPR) dei seguenti profili generali, validi per tutti gli ambiti del trattamento:<\/p>\n\n\n\n<ul class=\"wp-block-list\"><li>tutti i dati sono trattati in modo lecito, corretto e trasparente nei confronti dell\u2019interessato, nel rispetto dei principi generali previsti dal GDPR;<\/li><li>raccogliamo e trattiamo i Suoi dati solo per le finalit\u00e0 indicate nella presente informativa o per le specifiche finalit\u00e0 gi\u00e0 condivise con Lei e\/o in merito alle quali ha espresso il consenso;<\/li><li>abbiamo l\u2019obiettivo di raccogliere trattare ed usare il minor numero di dati personali possibile;<\/li><li>quando dobbiamo raccogliere i Suoi dati personali, ci assicuriamo che siano il pi\u00f9 precisi ed aggiornati possibile;<\/li><li>se i dati personali che raccogliamo non sono pi\u00f9 necessari per alcuna finalit\u00e0 e non siamo tenuti a conservarli per obbligo di legge, faremo tutto quanto possibile per cancellarli, distruggerli o anonimizzarli;<\/li><li>specifiche misure di sicurezza sono osservate per prevenire la perdita dei dati, usi illeciti, o non corretti e accessi non autorizzati;<\/li><li>i Suoi dati personali non saranno condivisi, venduti, resi disponibili o comunicati a soggetti diversi rispetto a quelli indicati nella informativa.<\/li><li>dettagli completi su ciascuna tipologia di dati raccolti sono forniti nelle sezioni dedicate di questa Privacy Policy.<\/li><\/ul>\n\n\n\n<h4 class=\"wp-block-heading\">3. Titolare del trattamento, responsabili e incaricati<\/h4>\n\n\n\n<p>Il Titolare del trattamento \u00e8: Mirco Baldi., rappresentata&nbsp; Legale della Zeronoie, con sede legale in via rosselli, 57 \u2013 55047 Querceta LU, privacy@zeronoie.net<\/p>\n\n\n\n<p>L\u2019elenco dei responsabili in outsourcing e degli incaricati al trattamento \u00e8 custodito presso la sede amministrativa e commerciale del Titolare del trattamento.<\/p>\n\n\n\n<h4 class=\"wp-block-heading\">4. Natura dei dati trattati e finalit\u00e0 del trattamento<\/h4>\n\n\n\n<p>Il trattamento dei dati personali forniti e\/o desunti con la navigazione nel sito e con software di business intelligence, ad esso associato \u00e8 svolto con il trattamento dei seguenti dati e delle relative finalit\u00e0, qui di seguito elencate:<\/p>\n\n\n\n<p>a)<\/p>\n\n\n\n<p><em>Natura dei dati<\/em><\/p>\n\n\n\n<ul class=\"wp-block-list\"><li>dati tecnici (minimi) senza profilazione attraverso cookies.<\/li><li>dati personali indentificativi risultato della&nbsp; compilazione dei campi obbligatori all\u2019interno del sito web da parte del cliente;<\/li><\/ul>\n\n\n\n<p><em>Finalit\u00e0 del trattamento<\/em><\/p>\n\n\n\n<ul class=\"wp-block-list\"><li>consentire l\u2019accesso e la navigazione nel sito, migliorare le prestazioni del sito, per controllare il corretto funzionamento dello stesso e per l\u2019accertamento di eventuali responsabilit\u00e0 in caso di illeciti commessi durante la navigazione;<\/li><li>la raccolta delle informazioni ai fini della selezione in base a titoli e caratteristiche inserite nei campi previsti nel form;<\/li><li>per l\u2019adempimento agli obblighi previsti dalla legge, da un regolamento o dalla normativa comunitaria e per l\u2019esercizio dei propri diritti in sede giudiziaria<\/li><\/ul>\n\n\n\n<p><em>Finalit\u00e0 del trattamento<\/em><\/p>\n\n\n\n<ul class=\"wp-block-list\"><li>consentire l\u2019attivit\u00e0 di profilazione al fine di raccogliere dati e informazioni, in via generale e particolare, per raccogliere informazioni sulle modalit\u00e0 di utilizzo del sito da parte dell\u2019utente al fine di offrire un servizio sempre pi\u00f9 efficiente e ottimizzato per le preferenze di acquisto dell\u2019utente.<\/li><\/ul>\n\n\n\n<p><strong>d)<\/strong><\/p>\n\n\n\n<p><em>Natura dei dati<\/em><\/p>\n\n\n\n<ul class=\"wp-block-list\"><li>dati personali identificativi e di contatto;<\/li><\/ul>\n\n\n\n<p><em>Finalit\u00e0 del trattamento<\/em><\/p>\n\n\n\n<ul class=\"wp-block-list\"><li>consentire la valutazione da parte del Titolare del Trattamento, di proposte di lavoro connesse ai nostri&nbsp; servizi.<\/li><\/ul>\n\n\n\n<h4 class=\"wp-block-heading\">5. Natura libera del conferimento dei dati<\/h4>\n\n\n\n<p>L\u2019utente pu\u00f2 opporsi ai predetti trattamenti, sia inizialmente cliccando la casella apposita in sede di registrazione al sito, sia successivamente inviando un\u2019e-mail all\u2019indirizzo privacy@zeronoie.net. Pertanto, barrando le caselle in sede di registrazione, l\u2019utente presta o rifiuta il proprio consenso all\u2019utilizzo dei propri dati sopra indicati per le finalit\u00e0 previste.<\/p>\n\n\n\n<h4 class=\"wp-block-heading\">6. Comunicazione e diffusione dei dati<\/h4>\n\n\n\n<p>I dati personali dell\u2019utente non saranno comunicati a nessun titolo a nessuna persona o azienda, ma saranno trattati solo per lo scopo sopra indicato.<\/p>\n\n\n\n<p>I dati dell\u2019utente non sono soggetti a diffusione.<\/p>\n\n\n\n<h4 class=\"wp-block-heading\">7. Modalit\u00e0 del trattamento<\/h4>\n\n\n\n<p>Il trattamento dei Suoi dati personali \u00e8 realizzato per mezzo delle operazioni indicate all\u2019art. 4 del Reg. UE n. 2016\/679 e precisamente: raccolta, registrazione, organizzazione, conservazione, consultazione, modifica, elaborazione, modificazione, selezione, estrazione, utilizzo, interconnessione, blocco, limitazione, comunicazione, cancellazione e distruzione dei dati. I Suoi dati personali, sono sottoposti sia al trattamento elettronico che cartaceo.<\/p>\n\n\n\n<p>I dati dell\u2019utente, memorizzati su supporto elettronico:<\/p>\n\n\n\n<ul class=\"wp-block-list\"><li>sono custoditi e archiviati nel database del sito, gestito tramite il servizio Hosting di misterdomain.eu<\/li><li>sono custoditi e archiviati su un server di propriet\u00e0 di Zeronoie. presso la propria sede, in Italia.<\/li><\/ul>\n\n\n\n<p>In particolare, il Titolare dichiara che i dati registrati sul server sono protetti contro il rischio di intrusione e accesso non autorizzato e di avere altres\u00ec adottato misure di sicurezza idonee a garantire l\u2019integrit\u00e0 e la disponibilit\u00e0 dei dati nonch\u00e9 la protezione delle aree e dei locali rilevanti ai fini della loro custodia e accessibilit\u00e0.<\/p>\n\n\n\n<p>I dati personali verranno trattati da collaboratori e\/o dipendenti del Titolare in qualit\u00e0 di responsabili o incaricati del trattamento, nell\u2019ambito delle rispettive funzioni ed in conformit\u00e0 alle istruzioni impartite dal Titolare.<\/p>\n\n\n\n<h4 class=\"wp-block-heading\">8. Trasferimento dei dati personali fuori dall\u2019area UE<\/h4>\n\n\n\n<p>La gestione e la conservazione dei dati personali avverr\u00e0 su server ubicati all\u2019interno dell\u2019Unione Europea del titolare e\/o di societ\u00e0 terze debitamente incaricate. I dati non saranno oggetto di trasferimento al di fuori dell\u2019Unione Europea. Resta in ogni caso inteso che il Titolare, ove si rendesse necessario, avr\u00e0 facolt\u00e0 di spostare l\u2019ubicazione dei server in Paesi extra-UE. In tal caso, il Titolare assicura sin d\u2019ora che il trasferimento dei dati avverr\u00e0 in conformit\u00e0 alle disposizioni di legge applicabili stipulando, se necessario, accordi che garantiscano un livello di protezione adeguato.<\/p>\n\n\n\n<h4 class=\"wp-block-heading\">9. Durata del trattamento<\/h4>\n\n\n\n<p>Zeronoie conserva e tratta i dati personali per il tempo necessario alle finalit\u00e0 sopra indicate e per un breve periodo.<\/p>\n\n\n\n<p>I dati rilevati dai&nbsp;<a href=\"https:\/\/www.runner.it\/cookies_policy.php\">cookies<\/a>&nbsp;tecnici&nbsp; saranno cancellati alla fine della sesione&nbsp; o trattati in forma anonima.<\/p>\n\n\n\n<h4 class=\"wp-block-heading\">11. Diritti dell\u2019interessato<\/h4>\n\n\n\n<p>In base al Reg.to UE 2016\/679 Cap.III:<\/p>\n\n\n\n<ul class=\"wp-block-list\"><li>L\u2019interessato ha diritto di ottenere la conferma dell\u2019esistenza o meno di dati personali che lo riguardano, anche se non ancora registrati, e la loro comunicazione in forma intelligibile.<\/li><li>L\u2019interessato ha diritto di ottenere l\u2019indicazione: dell\u2019origine dei dati personali; delle finalit\u00e0 e modalit\u00e0 del trattamento; della logica applicata in caso di trattamento effettuato con l\u2019ausilio di strumenti elettronici; degli estremi identificativi del titolare, dei responsabili e del rappresentante designato ai sensi dell\u2019articolo 5, comma 2; dei soggetti o delle categorie di soggetti ai quali i dati personali possono essere comunicati o che possono venirne a conoscenza in qualit\u00e0 di rappresentante designato nel territorio dello Stato, di responsabili o incaricati.<\/li><li>L\u2019interessato ha diritto di ottenere:<\/li><li>l\u2019aggiornamento, la rettificazione ovvero, quando vi ha interesse, l\u2019integrazione dei dati; b. la cancellazione, la trasformazione in forma anonima o il blocco dei dati trattati in violazione di legge, compresi quelli di cui non \u00e8 necessaria la conservazione in relazione agli scopi per i quali i dati sono stati raccolti o successivamente trattati;<\/li><li>l\u2019attestazione che le operazioni di cui alle lettere a) e b) sono state portate a conoscenza, anche per quanto riguarda il loro contenuto, di coloro ai quali i dati sono stati comunicati o diffusi, eccettuato il caso in cui tale adempimento si rivela impossibile o comporta un impiego di mezzi manifestamente sproporzionato rispetto al diritto tutelato; d. copia delle informazioni in nostro possesso in un formato comune e interoperabile;<\/li><li>la limitazione del trattamento dei dati personali che lo riguardano o di opporsi, in tutto o in parte: per motivi legittimi al trattamento dei dati personali che lo riguardano, ancorch\u00e9 pertinenti allo scopo della raccolta. Inoltre, l\u2019interessato ha il diritto di: f. revocare il consenso in qualsiasi momento, senza pregiudicare la liceit\u00e0 del trattamento basata sul consenso prima della revoca; g. proporre reclamo ad un\u2019Autorit\u00e0 di Controllo;<\/li><\/ul>\n\n\n\n<h4 class=\"wp-block-heading\">12. Esercizio dei diritti dell\u2019interessato<\/h4>\n\n\n\n<p>Potr\u00e0 in qualsiasi momento esercitare i diritti, sopra specificati, nonch\u00e9 revocare un consenso precedentemente accordato, inviando:<br>\u2013 una raccomandata a.r. presso la sede amministrativa sopra indicata- una e-mail all\u2019indirizzo privacy@zeronoie.net \u2013 mircobaldi@pec.it<\/p>\n\n\n\n<p>\u00c9 possibile richiedere al titolare, una \u201cdichiarazione di attestazione\u201d idonea a certificare che le richieste avanzate siano state effettivamente risolte e portate a conoscenza di coloro ai quali erano stati precedentemente diffusi e comunicati i dati.<\/p>\n\n\n\n<p>In quanto soggetto interessato, potr\u00e0 anche delegare una terza persona con una copia della procura ovvero della delega sottoscritta in presenza di un incaricato o sottoscritta e presentata unitamente a una fotocopia non autenticata di un documento di riconoscimento dell\u2019interessato. Il titolare \u00e8 tenuto a dare riscontro alla richiesta entro 15 giorni dalla data di inoltro o 30 giorni nel caso in cui la risposta sia problematica, in ogni caso entro il 15esimo giorno Le verr\u00e0 data comunicazione scritta delle motivazioni del ritardo.<\/p>\n\n\n\n<p>In caso di mancato riscontro alle vostre richieste, gli interessati possono proporre un reclamo all\u2019Autorit\u00e0 di controllo per la protezione dei dati personali.<\/p>\n\n\n\n<h4 class=\"wp-block-heading\">12. Esercizio dei diritti dell\u2019interessato<\/h4>\n\n\n\n<p>La presente informativa \u00e8 stata aggiornata per l\u2019ultima volta in occasione del GDPR e pu\u00f2 essere oggetto di revisione periodica, anche in relazione alla normativa e giurisprudenza di riferimento.<\/p>\n\n\n\n<p>In caso di variazioni significative verr\u00e0 data, per un tempo congruo, opportuna evidenza in homepage del sito. Si invita comunque l\u2019interessato a consultare periodicamente la presente Policy.<\/p>\n","protected":false},"excerpt":{"rendered":"<p>Informativa al trattamento dei dati personali resa ai sensi degli art. 13-14 del Reg. (UE) 2016\/679 GDPR (General Data Protection Regulation). 1. Introduzione In ZERONOIE, siamo consapevoli dell\u2019importanza della protezione dei dati personali e del rispetto della privacy dei nostri utenti. Pertanto gestiamo tutte le informazioni a noi fornite con estrema cura e garantiamo sicurezza [&hellip;]<\/p>\n","protected":false},"author":2,"featured_media":0,"parent":0,"menu_order":0,"comment_status":"closed","ping_status":"closed","template":"templates\/page-full-width.php","meta":{"footnotes":""},"class_list":["post-1034","page","type-page","status-publish","hentry"],"_links":{"self":[{"href":"https:\/\/zeronoie.net\/index.php\/wp-json\/wp\/v2\/pages\/1034"}],"collection":[{"href":"https:\/\/zeronoie.net\/index.php\/wp-json\/wp\/v2\/pages"}],"about":[{"href":"https:\/\/zeronoie.net\/index.php\/wp-json\/wp\/v2\/types\/page"}],"author":[{"embeddable":true,"href":"https:\/\/zeronoie.net\/index.php\/wp-json\/wp\/v2\/users\/2"}],"replies":[{"embeddable":true,"href":"https:\/\/zeronoie.net\/index.php\/wp-json\/wp\/v2\/comments?post=1034"}],"version-history":[{"count":2,"href":"https:\/\/zeronoie.net\/index.php\/wp-json\/wp\/v2\/pages\/1034\/revisions"}],"predecessor-version":[{"id":1038,"href":"https:\/\/zeronoie.net\/index.php\/wp-json\/wp\/v2\/pages\/1034\/revisions\/1038"}],"wp:attachment":[{"href":"https:\/\/zeronoie.net\/index.php\/wp-json\/wp\/v2\/media?parent=1034"}],"curies":[{"name":"wp","href":"https:\/\/api.w.org\/{rel}","templated":true}]}}