{"id":969,"date":"2019-03-25T09:40:54","date_gmt":"2019-03-25T09:40:54","guid":{"rendered":"https:\/\/zeronoie.net\/?page_id=969"},"modified":"2024-08-27T07:57:25","modified_gmt":"2024-08-27T07:57:25","slug":"chi-siamo","status":"publish","type":"page","link":"https:\/\/zeronoie.net\/index.php\/chi-siamo\/","title":{"rendered":"Chi siamo"},"content":{"rendered":"<p>\n\n\n<\/p>\n<p style=\"text-align: left;\"><strong>zerOnoie<\/strong>, \u00e8 una realt\u00e0 nuova solo nel concetto e nello standard, in quanto \u00e8 l&#8217;evoluzione della mia vecchia Mircosoft che nasce nel 1999, come <strong>computershop<\/strong> di grande successo,\u00a0 tra le migliore della <strong>Versilia<\/strong>, poi la storia ed il mercato hanno fortemente condizionato le condizioni e le regole, e tutto questo settore \u00e8 andato in crisi, prima con le <strong>GDO<\/strong> e oggi con i colossi del web che stanno distruggendo la microeconomia.<\/p>\n<p>Questo progetto era partito nel marzo 2019, per cercare di rigenerare la Mircopoint che aveva perso il passo per i nuovi assetti del mercato con diversi addetti ancora attivi, poi la mia vita \u00e8 cambiata nel luglio del 2019 un brutto incidente stradale mi ha quasi ucciso e mi ha lesionato la colonna vertebrale avevo poche speranze di poter rimettermi in piedi, quindi chiusi la partita iva e la mia attivit\u00e0.<\/p>\n<p>Ho lottato con tutte le mie forze e alla fine dopo 1 anno di riabilitazione e diversi anni di apprendimento alla nuova condizione fisica il mio corpo ha adeguato le risorse disponibili e mi ha consentito di poter camminare e svolgere &#8220;quasi&#8221; tutte le normali attivit\u00e0 motorie.<\/p>\n<p>\n\n\n<\/p>\n<p>\n\n\n<p class=\"has-text-align-left\">Oggi 2024 , dopo 5 anni di stop , forte della mia\u00a0 esperienza maturata nel corso del mio percorso di vita e lavorativo, della mia volont\u00e0 ho deciso di rilanciare la sfida e continuare a lottare , quindi ho riaperto una NUOVA partita Iva, implementato anche la sezione impianti elettrici con firma oltre a quella informatica e mi sono messo in moto per riprendermi il mio posto nel mondo del lavoro, in questa prima fase non aprir\u00f2 un attivit\u00e0 con sede fisica , pur avendo la propriet\u00e0 del mio storico negozio in centro a querceta, ma operer\u00f2 con la tecnologia e mi muover\u00f2 sul territorio\u2026con l\u2019operativit\u00e0 di una simpatica e utile ape operaia.<\/p>\n\n\n\n<p class=\"has-text-align-left\">Mirco Baldi<\/p>\n\n\n<p><a href=\"https:\/\/zeronoie.net\/wp-content\/uploads\/2024\/08\/BLDMRC68R14I622H-VISUAA-20240827.pdf\">clicca per vedere la visura <\/a><\/p>\n<p><img loading=\"lazy\" decoding=\"async\" class=\"alignleft  wp-image-1454\" src=\"https:\/\/zeronoie.net\/wp-content\/uploads\/2024\/08\/screenshot-www.google.com-2024.08.27-09_47_43-150x150.png\" alt=\"\" width=\"34\" height=\"34\" \/><\/p>\n\n\n<h2 class=\"wp-block-heading\">.<\/h2>\n\n\n<\/p>\n<p>\n\n<div class=\"wp-block-image\">\n<figure class=\"aligncenter is-resized\"><img loading=\"lazy\" decoding=\"async\" width=\"852\" height=\"852\" src=\"https:\/\/zeronoie.net\/wp-content\/uploads\/2019\/03\/mirco.jpg\" alt=\"\" class=\"wp-image-1048\" style=\"width:200px\" srcset=\"https:\/\/zeronoie.net\/wp-content\/uploads\/2019\/03\/mirco.jpg 852w, https:\/\/zeronoie.net\/wp-content\/uploads\/2019\/03\/mirco-150x150.jpg 150w, https:\/\/zeronoie.net\/wp-content\/uploads\/2019\/03\/mirco-300x300.jpg 300w, https:\/\/zeronoie.net\/wp-content\/uploads\/2019\/03\/mirco-768x768.jpg 768w, https:\/\/zeronoie.net\/wp-content\/uploads\/2019\/03\/mirco-600x600.jpg 600w, https:\/\/zeronoie.net\/wp-content\/uploads\/2019\/03\/mirco-100x100.jpg 100w\" sizes=\"(max-width: 852px) 100vw, 852px\" \/><figcaption class=\"wp-element-caption\"><strong>Mirco Baldi<\/strong><br>  <strong><em>Chief Executive Officer<\/em><\/strong><\/figcaption><\/figure><\/div>\n\n<\/p>","protected":false},"excerpt":{"rendered":"<p>zerOnoie, \u00e8 una realt\u00e0 nuova solo nel concetto e nello standard, in quanto \u00e8 l&#8217;evoluzione della mia vecchia Mircosoft che nasce nel 1999, come computershop di grande successo,\u00a0 tra le migliore della Versilia, poi la storia ed il mercato hanno fortemente condizionato le condizioni e le regole, e tutto questo settore \u00e8 andato in crisi, [&hellip;]<\/p>\n","protected":false},"author":2,"featured_media":0,"parent":0,"menu_order":0,"comment_status":"closed","ping_status":"closed","template":"templates\/page-full-width.php","meta":{"footnotes":""},"class_list":["post-969","page","type-page","status-publish","hentry"],"_links":{"self":[{"href":"https:\/\/zeronoie.net\/index.php\/wp-json\/wp\/v2\/pages\/969"}],"collection":[{"href":"https:\/\/zeronoie.net\/index.php\/wp-json\/wp\/v2\/pages"}],"about":[{"href":"https:\/\/zeronoie.net\/index.php\/wp-json\/wp\/v2\/types\/page"}],"author":[{"embeddable":true,"href":"https:\/\/zeronoie.net\/index.php\/wp-json\/wp\/v2\/users\/2"}],"replies":[{"embeddable":true,"href":"https:\/\/zeronoie.net\/index.php\/wp-json\/wp\/v2\/comments?post=969"}],"version-history":[{"count":27,"href":"https:\/\/zeronoie.net\/index.php\/wp-json\/wp\/v2\/pages\/969\/revisions"}],"predecessor-version":[{"id":1464,"href":"https:\/\/zeronoie.net\/index.php\/wp-json\/wp\/v2\/pages\/969\/revisions\/1464"}],"wp:attachment":[{"href":"https:\/\/zeronoie.net\/index.php\/wp-json\/wp\/v2\/media?parent=969"}],"curies":[{"name":"wp","href":"https:\/\/api.w.org\/{rel}","templated":true}]}}